{"id":7786,"date":"2024-12-04T13:47:30","date_gmt":"2024-12-04T13:47:30","guid":{"rendered":"https:\/\/rocholl-group.de\/?page_id=7786"},"modified":"2025-10-13T08:58:12","modified_gmt":"2025-10-13T08:58:12","slug":"imprint","status":"publish","type":"page","link":"https:\/\/rocholl-group.de\/de\/imprint\/","title":{"rendered":"Impressum"},"content":{"rendered":"<p>Rocholl Hospitality Holding GmbH<\/p>\n\n\n\n<p>Elisabethstra\u00dfe 16, <\/p>\n\n\n\n<p>40217 D\u00fcsseldorf<\/p>\n\n\n\n<p>Email: <strong>kontakt@rocholl-group.de<\/strong><\/p>\n\n\n\n<p>Internet: https:\/\/rocholl-group.de<\/p>\n\n\n\n<p>Vertretungsberechtigte Personen:<\/p>\n\n\n\n<p>D. Rocholl<\/p>\n\n\n\n<p><strong>kontakt@rocholl-group.de<\/strong><\/p>\n\n\n\n<p>VAT ID number : DE 360128535<\/p>\n\n\n\n<p>Inhaltlich Verantwortlicher gem\u00e4\u00df \u00a7 5 TMG und \u00a7 55 Abs. 2 RStV:<\/p>\n\n\n\n<p>D. Rocholl<\/p>\n\n\n\n<p><strong>kontakt@rocholl-group.de<\/strong><\/p>\n\n\n\n<p>Streitbeilegung:<\/p>\n\n\n\n<p>Plattform der Europ\u00e4ischen Kommission zur Online-Streitbeilegung:<\/p>\n\n\n\n<figure class=\"wp-block-embed\"><div class=\"wp-block-embed__wrapper\">\nhttps:\/\/ec.europa.eu\/consumers\/odr\n<\/div><\/figure>\n\n\n\n<p>Konzeption &amp; Gestaltung:<\/p>\n\n\n\n<p>Amirhossein khoshniyatshanjani web design Ratingen<\/p>\n\n\n\n<p>Haftungsausschluss:<\/p>\n\n\n\n<p>Wir erkl\u00e4ren hiermit ausdr\u00fccklich, dass zum Zeitpunkt der Linksetzung keine illegalen Inhalte auf den von uns verlinkten externen Seiten erkennbar waren. Auf die aktuelle und zuk\u00fcnftige Gestaltung, die Inhalte oder die Urheberschaft der gelinkten\/verkn\u00fcpften Seiten haben wir keinerlei Einfluss. Deshalb distanzieren wir uns hiermit ausdr\u00fccklich von allen Inhalten aller gelinkten\/verkn\u00fcpften Seiten, die nach der Linksetzung ver\u00e4ndert wurden. Diese Feststellung gilt f\u00fcr alle innerhalb des eigenen Internetangebotes gesetzten Links und Verweise. F\u00fcr illegale, fehlerhafte oder unvollst\u00e4ndige Inhalte und insbesondere f\u00fcr Sch\u00e4den, die aus der Nutzung oder Nichtnutzung solcherart dargebotener Informationen entstehen, haftet allein der Anbieter der Seite, auf welche verwiesen wurde.<\/p>\n\n\n\n<p>Datenschutzhinweis zu Google Analytics<\/p>\n\n\n\n<p>Diese Website benutzt Google Analytics, einen Webanalysedienst der Google Inc. (\u201eGoogle\u201c). Google Analytics verwendet sog. \u201eCookies\u201c, Textdateien, die auf Ihrem Computer gespeichert werden und die eine Analyse der Benutzung der Website durch Sie erm\u00f6glichen. Die durch den Cookie erzeugten Informationen \u00fcber Ihre Benutzung dieser Website (einschlie\u00dflich Ihrer IP-Adresse) wird an einen Server von Google in den USA \u00fcbertragen und dort gespeichert. Google wird diese Informationen benutzen, um Ihre Nutzung der Website auszuwerten, um Reports \u00fcber die Websiteaktivit\u00e4ten f\u00fcr die Websitebetreiber zusammenzustellen und um weitere mit der Websitenutzung und der Internetnutzung verbundene Dienstleistungen zu erbringen. Auch wird Google diese Informationen gegebenenfalls an Dritte \u00fcbertragen, sofern dies gesetzlich vorgeschrieben oder soweit Dritte diese Daten im Auftrag von Google verarbeiten. Google wird in keinem Fall Ihre IP-Adresse mit anderen Daten der Google in Verbindung bringen. Sie k\u00f6nnen die Installation der Cookies durch eine entsprechende Einstellung Ihrer Browser Software verhindern; wir weisen Sie jedoch darauf hin, dass Sie in diesem Fall gegebenenfalls nicht s\u00e4mtliche Funktionen dieser Website voll umf\u00e4nglich nutzen k\u00f6nnen. Durch die Nutzung dieser Website erkl\u00e4ren Sie sich mit der Bearbeitung der \u00fcber Sie erhobenen Daten durch Google in der zuvor beschriebenen Art und Weise und zu dem zuvor benannten Zweck einverstanden.<\/p>\n\n\n\n<p>Online-Streitbeilegung<\/p>\n\n\n\n<p>Pflichtinformation nach der Verordnung (EU) Nr. 524\/2013 des europ\u00e4ischen Parlaments und Rates:<\/p>\n\n\n\n<p>Link zur Homepage der Stelle f\u00fcr die Online-Beilegung verbraucherrechtlicher Streitigkeiten der Europ\u00e4ischen Kommission: http:\/\/ec.europa.eu\/consumers\/odr\/ \u2013 n\u00e4here Informationen stehen dort voraussichtlich ab dem 15. Februar 2016 zur Verf\u00fcgung.<\/p>","protected":false},"excerpt":{"rendered":"<p>Rocholl Hospitality Holding GmbH Elisabethstra\u00dfe 16, 40217 D\u00fcsseldorf Email: kontakt@rocholl-group.de Internet: https:\/\/rocholl-group.de Authorized representatives: D. Rocholl kontakt@rocholl-group.de VAT ID number : DE 360128535 Responsible for content in accordance with Section 5 TMG and Section 55 Paragraph 2 RStV: D. Rocholl kontakt@rocholl-group.de Dispute resolution: European Commission online dispute resolution platform: Conception &amp; design: Amirhossein khoshniyatshanjani web<\/p>","protected":false},"author":1,"featured_media":0,"parent":0,"menu_order":0,"comment_status":"closed","ping_status":"closed","template":"","meta":{"footnotes":""},"class_list":["post-7786","page","type-page","status-publish","hentry"],"_links":{"self":[{"href":"https:\/\/rocholl-group.de\/de\/wp-json\/wp\/v2\/pages\/7786","targetHints":{"allow":["GET"]}}],"collection":[{"href":"https:\/\/rocholl-group.de\/de\/wp-json\/wp\/v2\/pages"}],"about":[{"href":"https:\/\/rocholl-group.de\/de\/wp-json\/wp\/v2\/types\/page"}],"author":[{"embeddable":true,"href":"https:\/\/rocholl-group.de\/de\/wp-json\/wp\/v2\/users\/1"}],"replies":[{"embeddable":true,"href":"https:\/\/rocholl-group.de\/de\/wp-json\/wp\/v2\/comments?post=7786"}],"version-history":[{"count":3,"href":"https:\/\/rocholl-group.de\/de\/wp-json\/wp\/v2\/pages\/7786\/revisions"}],"predecessor-version":[{"id":8308,"href":"https:\/\/rocholl-group.de\/de\/wp-json\/wp\/v2\/pages\/7786\/revisions\/8308"}],"wp:attachment":[{"href":"https:\/\/rocholl-group.de\/de\/wp-json\/wp\/v2\/media?parent=7786"}],"curies":[{"name":"wp","href":"https:\/\/api.w.org\/{rel}","templated":true}]}}